{"id":17902,"date":"2024-11-22T11:09:35","date_gmt":"2024-11-22T10:09:35","guid":{"rendered":"https:\/\/ser-tec.org\/tintas\/"},"modified":"2025-07-21T13:03:29","modified_gmt":"2025-07-21T11:03:29","slug":"tintas","status":"publish","type":"page","link":"https:\/\/ser-tec.org\/es\/tintas\/","title":{"rendered":"Tintas<br>"},"content":{"rendered":"\t\t<div data-elementor-type=\"wp-page\" data-elementor-id=\"17902\" class=\"elementor elementor-17902 elementor-3328\" data-elementor-post-type=\"page\">\n\t\t\t\t<div class=\"elementor-element elementor-element-37f3b3f4 e-con-full e-flex wpr-particle-no wpr-jarallax-no wpr-parallax-no wpr-sticky-section-no wpr-equal-height-no e-con e-parent\" data-id=\"37f3b3f4\" data-element_type=\"container\" data-e-type=\"container\" data-settings=\"{&quot;background_background&quot;:&quot;classic&quot;}\">\n\t\t<div class=\"elementor-element elementor-element-10a6c14 e-grid e-con-boxed wpr-particle-no wpr-jarallax-no wpr-parallax-no wpr-sticky-section-no wpr-equal-height-no e-con e-child\" data-id=\"10a6c14\" data-element_type=\"container\" data-e-type=\"container\" data-settings=\"{&quot;background_background&quot;:&quot;classic&quot;}\">\n\t\t\t\t\t<div class=\"e-con-inner\">\n\t\t\t\t<div class=\"elementor-element elementor-element-4cc770c9 elementor-widget elementor-widget-heading\" data-id=\"4cc770c9\" data-element_type=\"widget\" data-e-type=\"widget\" data-widget_type=\"heading.default\">\n\t\t\t\t\t<h2 class=\"elementor-heading-title elementor-size-default\">Tintas<br><\/h2>\t\t\t\t<\/div>\n\t\t\t\t\t<\/div>\n\t\t\t\t<\/div>\n\t\t\t\t<\/div>\n\t\t<div class=\"elementor-element elementor-element-a1c34d5 e-con-full e-flex wpr-particle-no wpr-jarallax-no wpr-parallax-no wpr-sticky-section-no wpr-equal-height-no e-con e-parent\" data-id=\"a1c34d5\" data-element_type=\"container\" data-e-type=\"container\">\n\t\t<div class=\"elementor-element elementor-element-5f236258 e-grid e-con-boxed wpr-particle-no wpr-jarallax-no wpr-parallax-no wpr-sticky-section-no wpr-equal-height-no e-con e-child\" data-id=\"5f236258\" data-element_type=\"container\" data-e-type=\"container\" id=\"uv\">\n\t\t\t\t\t<div class=\"e-con-inner\">\n\t\t<div class=\"elementor-element elementor-element-be1c212 e-grid e-con-full wpr-particle-no wpr-jarallax-no wpr-parallax-no wpr-sticky-section-no wpr-equal-height-no e-con e-child\" data-id=\"be1c212\" data-element_type=\"container\" data-e-type=\"container\">\n\t\t\t\t<div class=\"elementor-element elementor-element-2a12e64 elementor-widget elementor-widget-image\" data-id=\"2a12e64\" data-element_type=\"widget\" data-e-type=\"widget\" data-widget_type=\"image.default\">\n\t\t\t\t\t\t\t\t\t\t\t\t\t\t\t<img fetchpriority=\"high\" decoding=\"async\" width=\"800\" height=\"1000\" src=\"https:\/\/ser-tec.org\/wp-content\/uploads\/2024\/12\/CampioneUV_3.webp\" class=\"attachment-large size-large wp-image-18361\" alt=\"Impresi\u00f3n UV en Madeira con imagen de tigre de colores c\u00e1lidos y textura natural.\" srcset=\"https:\/\/ser-tec.org\/wp-content\/uploads\/2024\/12\/CampioneUV_3.webp 800w, https:\/\/ser-tec.org\/wp-content\/uploads\/2024\/12\/CampioneUV_3-240x300.webp 240w, https:\/\/ser-tec.org\/wp-content\/uploads\/2024\/12\/CampioneUV_3-768x960.webp 768w\" sizes=\"(max-width: 800px) 100vw, 800px\" \/>\t\t\t\t\t\t\t\t\t\t\t\t\t\t\t<\/div>\n\t\t\t\t<div class=\"elementor-element elementor-element-c9cb96b elementor-widget elementor-widget-image\" data-id=\"c9cb96b\" data-element_type=\"widget\" data-e-type=\"widget\" data-widget_type=\"image.default\">\n\t\t\t\t\t\t\t\t\t\t\t\t\t\t\t<img decoding=\"async\" width=\"800\" height=\"1000\" src=\"https:\/\/ser-tec.org\/wp-content\/uploads\/2024\/12\/CampioneUV_2.webp\" class=\"attachment-large size-large wp-image-18360\" alt=\"Impresi\u00f3n UV con un efecto de alivio de las flores estilizadas negras sobre el fondo beige.\" srcset=\"https:\/\/ser-tec.org\/wp-content\/uploads\/2024\/12\/CampioneUV_2.webp 800w, https:\/\/ser-tec.org\/wp-content\/uploads\/2024\/12\/CampioneUV_2-240x300.webp 240w, https:\/\/ser-tec.org\/wp-content\/uploads\/2024\/12\/CampioneUV_2-768x960.webp 768w\" sizes=\"(max-width: 800px) 100vw, 800px\" \/>\t\t\t\t\t\t\t\t\t\t\t\t\t\t\t<\/div>\n\t\t\t\t<div class=\"elementor-element elementor-element-0324a3c elementor-widget elementor-widget-image\" data-id=\"0324a3c\" data-element_type=\"widget\" data-e-type=\"widget\" data-widget_type=\"image.default\">\n\t\t\t\t\t\t\t\t\t\t\t\t\t\t\t<img decoding=\"async\" width=\"500\" height=\"625\" src=\"https:\/\/ser-tec.org\/wp-content\/uploads\/2024\/12\/CampioneUV_1.webp\" class=\"attachment-large size-large wp-image-18356\" alt=\"Placa azul con imprenta UV de efecto 3D, decorada con un motivo de mandala blanco detallado.\" srcset=\"https:\/\/ser-tec.org\/wp-content\/uploads\/2024\/12\/CampioneUV_1.webp 500w, https:\/\/ser-tec.org\/wp-content\/uploads\/2024\/12\/CampioneUV_1-240x300.webp 240w\" sizes=\"(max-width: 500px) 100vw, 500px\" \/>\t\t\t\t\t\t\t\t\t\t\t\t\t\t\t<\/div>\n\t\t\t\t<\/div>\n\t\t\t\t<div class=\"elementor-element elementor-element-579cae65 elementor-widget elementor-widget-text-editor\" data-id=\"579cae65\" data-element_type=\"widget\" data-e-type=\"widget\" data-widget_type=\"text-editor.default\">\n\t\t\t\t\t\t\t\t\t<h2><strong>Tintas para UV<br><\/strong><\/h2>\nGracias a la tecnolog\u00eda UV LED, que no necesita calor para secar la tinta, tambi\u00e9n es posible imprimir sobre materiales termosensibles:\n<ul style=\"margin:15px 0\">\n \t<li><strong>Madera, pl\u00e1stico, cer\u00e1mica, papel, metales<\/strong> y muchos otros materiales.<br><\/li>\n \t<li><strong>Material coloreado<\/strong> o <strong>transparente <\/strong> utilizando tinta blanca<\/li>\n \t<li><strong>Color blanco para im\u00e1genes a doble cara sobre vidrio<\/strong> u otros materiales <strong>transparentes<\/strong><br><\/li>\n \t<li><strong>Objetos cil\u00edndricos<\/strong> o <strong>c\u00f3nicos<\/strong><br><\/li>\n \t<li><strong>Efectos 3D, braille<\/strong> o l<strong>\u00e1mina met\u00e1lica <\/strong><\/li>\n \t<li><strong>Soportes r\u00edgidos<\/strong> o <strong>flexibles<\/strong><br><\/li>\n<\/ul>\t\t\t\t\t\t\t\t<\/div>\n\t\t\t\t\t<\/div>\n\t\t\t\t<\/div>\n\t\t\t\t<\/div>\n\t\t<div class=\"elementor-element elementor-element-5d3b8b3 e-con-full e-flex wpr-particle-no wpr-jarallax-no wpr-parallax-no wpr-sticky-section-no wpr-equal-height-no e-con e-parent\" data-id=\"5d3b8b3\" data-element_type=\"container\" data-e-type=\"container\" data-settings=\"{&quot;background_background&quot;:&quot;classic&quot;}\">\n\t\t<div class=\"elementor-element elementor-element-c315a0c e-grid e-con-boxed wpr-particle-no wpr-jarallax-no wpr-parallax-no wpr-sticky-section-no wpr-equal-height-no e-con e-child\" data-id=\"c315a0c\" data-element_type=\"container\" data-e-type=\"container\" id=\"hy\">\n\t\t\t\t\t<div class=\"e-con-inner\">\n\t\t\t\t<div class=\"elementor-element elementor-element-f6a9bf8 elementor-widget elementor-widget-text-editor\" data-id=\"f6a9bf8\" data-element_type=\"widget\" data-e-type=\"widget\" data-widget_type=\"text-editor.default\">\n\t\t\t\t\t\t\t\t\t<h2><strong>Tintas h\u00edbridas<br><\/strong><\/h2><p><span style=\"font-weight: 500;\">Las tintas h\u00edbridas, gracias a su f\u00f3rmula especial, garantizan una adherencia \u00f3ptima y una alta calidad de impresi\u00f3n para aplicaciones industriales en materiales como<br><\/span><\/p><ul style=\"margin: 15px 0;\"><li><strong>Cer\u00e1mica<br><\/strong><\/li><li><strong>Metales<br><\/strong><\/li><li><b>Cuero<br><\/b><\/li><li><b>Vidrio<br><\/b><\/li><li><b>Otros materiales<br><\/b><\/li><\/ul>\t\t\t\t\t\t\t\t<\/div>\n\t\t<div class=\"elementor-element elementor-element-6c68e1c e-grid e-con-full wpr-particle-no wpr-jarallax-no wpr-parallax-no wpr-sticky-section-no wpr-equal-height-no e-con e-child\" data-id=\"6c68e1c\" data-element_type=\"container\" data-e-type=\"container\">\n\t\t\t\t<div class=\"elementor-element elementor-element-a21d1b1 elementor-widget elementor-widget-image\" data-id=\"a21d1b1\" data-element_type=\"widget\" data-e-type=\"widget\" data-widget_type=\"image.default\">\n\t\t\t\t\t\t\t\t\t\t\t\t\t\t\t<img loading=\"lazy\" decoding=\"async\" width=\"800\" height=\"1000\" src=\"https:\/\/ser-tec.org\/wp-content\/uploads\/2024\/12\/CampioneHY_3.webp\" class=\"attachment-large size-large wp-image-18359\" alt=\"Detalle de la mesa de vidrio con impresi\u00f3n digital de mariposa estilizada en los tonos de azul y p\u00farpura.\" srcset=\"https:\/\/ser-tec.org\/wp-content\/uploads\/2024\/12\/CampioneHY_3.webp 800w, https:\/\/ser-tec.org\/wp-content\/uploads\/2024\/12\/CampioneHY_3-240x300.webp 240w, https:\/\/ser-tec.org\/wp-content\/uploads\/2024\/12\/CampioneHY_3-768x960.webp 768w\" sizes=\"(max-width: 800px) 100vw, 800px\" \/>\t\t\t\t\t\t\t\t\t\t\t\t\t\t\t<\/div>\n\t\t\t\t<div class=\"elementor-element elementor-element-c2afb81 elementor-widget elementor-widget-image\" data-id=\"c2afb81\" data-element_type=\"widget\" data-e-type=\"widget\" data-widget_type=\"image.default\">\n\t\t\t\t\t\t\t\t\t\t\t\t\t\t\t<img loading=\"lazy\" decoding=\"async\" width=\"800\" height=\"1000\" src=\"https:\/\/ser-tec.org\/wp-content\/uploads\/2024\/12\/CampioneHY_2.webp\" class=\"attachment-large size-large wp-image-18358\" alt=\"Reubicaci\u00f3n de cocina con efecto de mosaico de impresi\u00f3n de colores, aplicado en la pared entre las unidades de hob y pared.\" srcset=\"https:\/\/ser-tec.org\/wp-content\/uploads\/2024\/12\/CampioneHY_2.webp 800w, https:\/\/ser-tec.org\/wp-content\/uploads\/2024\/12\/CampioneHY_2-240x300.webp 240w, https:\/\/ser-tec.org\/wp-content\/uploads\/2024\/12\/CampioneHY_2-768x960.webp 768w\" sizes=\"(max-width: 800px) 100vw, 800px\" \/>\t\t\t\t\t\t\t\t\t\t\t\t\t\t\t<\/div>\n\t\t\t\t<div class=\"elementor-element elementor-element-d83e377 elementor-widget elementor-widget-image\" data-id=\"d83e377\" data-element_type=\"widget\" data-e-type=\"widget\" data-widget_type=\"image.default\">\n\t\t\t\t\t\t\t\t\t\t\t\t\t\t\t<img loading=\"lazy\" decoding=\"async\" width=\"800\" height=\"1000\" src=\"https:\/\/ser-tec.org\/wp-content\/uploads\/2024\/12\/CampioneHY_1.webp\" class=\"attachment-large size-large wp-image-18357\" alt=\"Panel decorativo en la cocina con impresi\u00f3n de alta definici\u00f3n de un patr\u00f3n en la estufa, instalado como soporte detr\u00e1s de la estufa.\" srcset=\"https:\/\/ser-tec.org\/wp-content\/uploads\/2024\/12\/CampioneHY_1.webp 800w, https:\/\/ser-tec.org\/wp-content\/uploads\/2024\/12\/CampioneHY_1-240x300.webp 240w, https:\/\/ser-tec.org\/wp-content\/uploads\/2024\/12\/CampioneHY_1-768x960.webp 768w\" sizes=\"(max-width: 800px) 100vw, 800px\" \/>\t\t\t\t\t\t\t\t\t\t\t\t\t\t\t<\/div>\n\t\t\t\t<\/div>\n\t\t\t\t\t<\/div>\n\t\t\t\t<\/div>\n\t\t\t\t<\/div>\n\t\t<div class=\"elementor-element elementor-element-5951a9b e-con-full e-flex wpr-particle-no wpr-jarallax-no wpr-parallax-no wpr-sticky-section-no wpr-equal-height-no e-con e-parent\" data-id=\"5951a9b\" data-element_type=\"container\" data-e-type=\"container\">\n\t\t<div class=\"elementor-element elementor-element-7b9c396 e-grid e-con-boxed wpr-particle-no wpr-jarallax-no wpr-parallax-no wpr-sticky-section-no wpr-equal-height-no e-con e-child\" data-id=\"7b9c396\" data-element_type=\"container\" data-e-type=\"container\" id=\"acqua\">\n\t\t\t\t\t<div class=\"e-con-inner\">\n\t\t<div class=\"elementor-element elementor-element-a79c146 e-grid e-con-full wpr-particle-no wpr-jarallax-no wpr-parallax-no wpr-sticky-section-no wpr-equal-height-no e-con e-child\" data-id=\"a79c146\" data-element_type=\"container\" data-e-type=\"container\">\n\t\t\t\t<div class=\"elementor-element elementor-element-a710a09 elementor-widget elementor-widget-image\" data-id=\"a710a09\" data-element_type=\"widget\" data-e-type=\"widget\" data-widget_type=\"image.default\">\n\t\t\t\t\t\t\t\t\t\t\t\t\t\t\t<img loading=\"lazy\" decoding=\"async\" width=\"400\" height=\"500\" src=\"https:\/\/ser-tec.org\/wp-content\/uploads\/2025\/01\/CampioneTX1.webp\" class=\"attachment-large size-large wp-image-23479\" alt=\"Camiseta blanca con estampado de color de un personaje alien\u00edgena y la palabra \u00abMASTER\u00bb\" srcset=\"https:\/\/ser-tec.org\/wp-content\/uploads\/2025\/01\/CampioneTX1.webp 400w, https:\/\/ser-tec.org\/wp-content\/uploads\/2025\/01\/CampioneTX1-240x300.webp 240w\" sizes=\"(max-width: 400px) 100vw, 400px\" \/>\t\t\t\t\t\t\t\t\t\t\t\t\t\t\t<\/div>\n\t\t\t\t<div class=\"elementor-element elementor-element-30137b6 elementor-widget elementor-widget-image\" data-id=\"30137b6\" data-element_type=\"widget\" data-e-type=\"widget\" data-widget_type=\"image.default\">\n\t\t\t\t\t\t\t\t\t\t\t\t\t\t\t<img loading=\"lazy\" decoding=\"async\" width=\"500\" height=\"625\" src=\"https:\/\/ser-tec.org\/wp-content\/uploads\/2025\/01\/CampioneTX2.webp\" class=\"attachment-large size-large wp-image-17905\" alt=\"Tomaia di scarpa stampata con pattern viola e logo Ser.Tec. Eagle DIGISCREEN S\" srcset=\"https:\/\/ser-tec.org\/wp-content\/uploads\/2025\/01\/CampioneTX2.webp 500w, https:\/\/ser-tec.org\/wp-content\/uploads\/2025\/01\/CampioneTX2-240x300.webp 240w\" sizes=\"(max-width: 500px) 100vw, 500px\" \/>\t\t\t\t\t\t\t\t\t\t\t\t\t\t\t<\/div>\n\t\t\t\t<div class=\"elementor-element elementor-element-86f5bb1 elementor-widget elementor-widget-image\" data-id=\"86f5bb1\" data-element_type=\"widget\" data-e-type=\"widget\" data-widget_type=\"image.default\">\n\t\t\t\t\t\t\t\t\t\t\t\t\t\t\t<img loading=\"lazy\" decoding=\"async\" width=\"400\" height=\"500\" src=\"https:\/\/ser-tec.org\/wp-content\/uploads\/2025\/01\/CampioneTX3.webp\" class=\"attachment-large size-large wp-image-17906\" alt=\"Gorra azul con visera negra y logotipo \u00abEmpire\u00bb estampado con guerrero\" srcset=\"https:\/\/ser-tec.org\/wp-content\/uploads\/2025\/01\/CampioneTX3.webp 400w, https:\/\/ser-tec.org\/wp-content\/uploads\/2025\/01\/CampioneTX3-240x300.webp 240w\" sizes=\"(max-width: 400px) 100vw, 400px\" \/>\t\t\t\t\t\t\t\t\t\t\t\t\t\t\t<\/div>\n\t\t\t\t<\/div>\n\t\t\t\t<div class=\"elementor-element elementor-element-f0ddcc5 elementor-widget elementor-widget-text-editor\" data-id=\"f0ddcc5\" data-element_type=\"widget\" data-e-type=\"widget\" data-widget_type=\"text-editor.default\">\n\t\t\t\t\t\t\t\t\t<h2><strong>Tintas a base de agua<br><\/strong><\/h2>\n<p><span style=\"font-weight: 500;\">Con las tintas a base de agua es posible imprimir sobre:<br><\/span><\/p>\n<ul style=\"margin: 15px 0;\">\n<li>Tejidos para <strong>ropa<\/strong><br><\/li>\n<li>Tejidos para <strong>gadgets<\/strong><br><\/li>\n<li>Tejidos para&nbsp;<strong>decoraci\u00f3n<\/strong><\/li>\n<li><b>Toallas, gorros, toallas de ba\u00f1o<\/b>, <span style=\"font-weight: 400;\">etc<\/span>.<br><\/li>\n<\/ul>\t\t\t\t\t\t\t\t<\/div>\n\t\t\t\t\t<\/div>\n\t\t\t\t<\/div>\n\t\t\t\t<\/div>\n\t\t<div class=\"elementor-element elementor-element-53b6d7a e-flex e-con-boxed wpr-particle-no wpr-jarallax-no wpr-parallax-no wpr-sticky-section-no wpr-equal-height-no e-con e-parent\" data-id=\"53b6d7a\" data-element_type=\"container\" data-e-type=\"container\">\n\t\t\t\t\t<div class=\"e-con-inner\">\n\t\t<div class=\"elementor-element elementor-element-cbc67bb e-con-full e-flex wpr-particle-no wpr-jarallax-no wpr-parallax-no wpr-sticky-section-no wpr-equal-height-no e-con e-child\" data-id=\"cbc67bb\" data-element_type=\"container\" data-e-type=\"container\">\n\t\t\t\t<div class=\"elementor-element elementor-element-68cc9e1 elementor-cta--skin-classic elementor-animated-content elementor-bg-transform elementor-bg-transform-zoom-in elementor-widget elementor-widget-call-to-action\" data-id=\"68cc9e1\" data-element_type=\"widget\" data-e-type=\"widget\" data-widget_type=\"call-to-action.default\">\n\t\t\t\t\t\t\t<div class=\"elementor-cta\">\n\t\t\t\t\t\t\t<div class=\"elementor-cta__content\">\n\t\t\t\t\n\t\t\t\t\t\t\t\t\t<h3 class=\"elementor-cta__title elementor-cta__content-item elementor-content-item\">\n\t\t\t\t\t\t\u00bfMoldes sobre un material especial?<br>\t\t\t\t\t<\/h3>\n\t\t\t\t\n\t\t\t\t\t\t\t\t\t<div class=\"elementor-cta__description elementor-cta__content-item elementor-content-item\">\n\t\t\t\t\t\t\u00bfMoldes sobre soportes t\u00e9cnicos, pl\u00e1sticos o con tratamientos especiales?<br> <br>Ofrecemos muestras para probar la tinta m\u00e1s adecuada en t\u00e9rminos de adherencia, cobertura y durabilidad<br>\t\t\t\t\t<\/div>\n\t\t\t\t\n\t\t\t\t\t\t\t\t\t<div class=\"elementor-cta__button-wrapper elementor-cta__content-item elementor-content-item \">\n\t\t\t\t\t<a class=\"elementor-cta__button elementor-button elementor-size-\" href=\"https:\/\/ser-tec.org\/es\/contactos\/\" target=\"_blank\">\n\t\t\t\t\t\tCont\u00e1ctenos<br>\t\t\t\t\t<\/a>\n\t\t\t\t\t<\/div>\n\t\t\t\t\t\t\t<\/div>\n\t\t\t\t\t\t<\/div>\n\t\t\t\t\t\t<\/div>\n\t\t\t\t<\/div>\n\t\t\t\t\t<\/div>\n\t\t\t\t<\/div>\n\t\t\t\t<\/div>\n\t\t","protected":false},"excerpt":{"rendered":"<p>Las tintas UV LED son ideales para imprimir sobre madera, cer\u00e1mica y metal, con efectos 3D. Las tintas h\u00edbridas ofrecen un rendimiento \u00f3ptimo en materiales industriales, mientras que las tintas a base de agua son perfectas para tejidos y art\u00edculos personalizados<\/p>\n","protected":false},"author":2,"featured_media":0,"parent":0,"menu_order":0,"comment_status":"closed","ping_status":"closed","template":"elementor_canvas","meta":{"footnotes":""},"class_list":["post-17902","page","type-page","status-publish","hentry"],"yoast_head":"<!-- This site is optimized with the Yoast SEO plugin v27.5 - https:\/\/yoast.com\/product\/yoast-seo-wordpress\/ -->\n<title>Tintas UV, h\u00edbrido y base acuosa - Imprima en cualquier superficie con Ser.Tec.<\/title>\n<meta name=\"description\" content=\"Descubra las tintas UV, h\u00edbridas y con base acuosa para aplicaciones en diversos materiales, como cer\u00e1mica, metal, tejidos y vidrio.\" \/>\n<meta name=\"robots\" content=\"index, follow, max-snippet:-1, max-image-preview:large, max-video-preview:-1\" \/>\n<link rel=\"canonical\" href=\"https:\/\/ser-tec.org\/es\/tintas\/\" \/>\n<meta property=\"og:locale\" content=\"es_ES\" \/>\n<meta property=\"og:type\" content=\"article\" \/>\n<meta property=\"og:title\" content=\"Tintas UV, h\u00edbrido y base acuosa - Imprima en cualquier superficie con Ser.Tec.\" \/>\n<meta property=\"og:description\" content=\"Descubra las tintas UV, h\u00edbridas y con base acuosa para aplicaciones en diversos materiales, como cer\u00e1mica, metal, tejidos y vidrio.\" \/>\n<meta property=\"og:url\" content=\"https:\/\/ser-tec.org\/es\/tintas\/\" \/>\n<meta property=\"og:site_name\" content=\"Ser.Tec.\" \/>\n<meta property=\"article:publisher\" content=\"https:\/\/www.facebook.com\/sertecsrl\" \/>\n<meta property=\"article:modified_time\" content=\"2025-07-21T11:03:29+00:00\" \/>\n<meta property=\"og:image\" content=\"https:\/\/ser-tec.org\/wp-content\/uploads\/2024\/12\/CampioneUV_3.webp\" \/>\n\t<meta property=\"og:image:width\" content=\"800\" \/>\n\t<meta property=\"og:image:height\" content=\"1000\" \/>\n\t<meta property=\"og:image:type\" content=\"image\/webp\" \/>\n<meta name=\"twitter:card\" content=\"summary_large_image\" \/>\n<meta name=\"twitter:label1\" content=\"Tiempo de lectura\" \/>\n\t<meta name=\"twitter:data1\" content=\"1 minuto\" \/>\n<script type=\"application\/ld+json\" class=\"yoast-schema-graph\">{\"@context\":\"https:\\\/\\\/schema.org\",\"@graph\":[{\"@type\":\"WebPage\",\"@id\":\"https:\\\/\\\/ser-tec.org\\\/es\\\/tintas\\\/\",\"url\":\"https:\\\/\\\/ser-tec.org\\\/es\\\/tintas\\\/\",\"name\":\"Tintas UV, h\u00edbrido y base acuosa - Imprima en cualquier superficie con Ser.Tec.\",\"isPartOf\":{\"@id\":\"https:\\\/\\\/ser-tec.org\\\/es\\\/#website\"},\"primaryImageOfPage\":{\"@id\":\"https:\\\/\\\/ser-tec.org\\\/es\\\/tintas\\\/#primaryimage\"},\"image\":{\"@id\":\"https:\\\/\\\/ser-tec.org\\\/es\\\/tintas\\\/#primaryimage\"},\"thumbnailUrl\":\"https:\\\/\\\/ser-tec.org\\\/wp-content\\\/uploads\\\/2024\\\/12\\\/CampioneUV_3.webp\",\"datePublished\":\"2024-11-22T10:09:35+00:00\",\"dateModified\":\"2025-07-21T11:03:29+00:00\",\"description\":\"Descubra las tintas UV, h\u00edbridas y con base acuosa para aplicaciones en diversos materiales, como cer\u00e1mica, metal, tejidos y vidrio.\",\"breadcrumb\":{\"@id\":\"https:\\\/\\\/ser-tec.org\\\/es\\\/tintas\\\/#breadcrumb\"},\"inLanguage\":\"es\",\"potentialAction\":[{\"@type\":\"ReadAction\",\"target\":[\"https:\\\/\\\/ser-tec.org\\\/es\\\/tintas\\\/\"]}]},{\"@type\":\"ImageObject\",\"inLanguage\":\"es\",\"@id\":\"https:\\\/\\\/ser-tec.org\\\/es\\\/tintas\\\/#primaryimage\",\"url\":\"https:\\\/\\\/ser-tec.org\\\/wp-content\\\/uploads\\\/2024\\\/12\\\/CampioneUV_3.webp\",\"contentUrl\":\"https:\\\/\\\/ser-tec.org\\\/wp-content\\\/uploads\\\/2024\\\/12\\\/CampioneUV_3.webp\"},{\"@type\":\"BreadcrumbList\",\"@id\":\"https:\\\/\\\/ser-tec.org\\\/es\\\/tintas\\\/#breadcrumb\",\"itemListElement\":[{\"@type\":\"ListItem\",\"position\":1,\"name\":\"Home\",\"item\":\"https:\\\/\\\/ser-tec.org\\\/es\\\/\"},{\"@type\":\"ListItem\",\"position\":2,\"name\":\"Tintas\"}]},{\"@type\":\"WebSite\",\"@id\":\"https:\\\/\\\/ser-tec.org\\\/es\\\/#website\",\"url\":\"https:\\\/\\\/ser-tec.org\\\/es\\\/\",\"name\":\"Ser.Tec.\",\"description\":\"Soluzioni di stampa digitale e serigrafica industriale\",\"publisher\":{\"@id\":\"https:\\\/\\\/ser-tec.org\\\/es\\\/#organization\"},\"potentialAction\":[{\"@type\":\"SearchAction\",\"target\":{\"@type\":\"EntryPoint\",\"urlTemplate\":\"https:\\\/\\\/ser-tec.org\\\/es\\\/?s={search_term_string}\"},\"query-input\":{\"@type\":\"PropertyValueSpecification\",\"valueRequired\":true,\"valueName\":\"search_term_string\"}}],\"inLanguage\":\"es\"},{\"@type\":\"Organization\",\"@id\":\"https:\\\/\\\/ser-tec.org\\\/es\\\/#organization\",\"name\":\"Ser.Tec.srl\",\"url\":\"https:\\\/\\\/ser-tec.org\\\/es\\\/\",\"logo\":{\"@type\":\"ImageObject\",\"inLanguage\":\"es\",\"@id\":\"https:\\\/\\\/ser-tec.org\\\/es\\\/#\\\/schema\\\/logo\\\/image\\\/\",\"url\":\"\",\"contentUrl\":\"\",\"caption\":\"Ser.Tec.srl\"},\"image\":{\"@id\":\"https:\\\/\\\/ser-tec.org\\\/es\\\/#\\\/schema\\\/logo\\\/image\\\/\"},\"sameAs\":[\"https:\\\/\\\/www.facebook.com\\\/sertecsrl\",\"https:\\\/\\\/www.youtube.com\\\/user\\\/Sertectube\",\"https:\\\/\\\/www.linkedin.com\\\/company\\\/ser-tec-group\\\/\",\"https:\\\/\\\/www.instagram.com\\\/sertecgroup\\\/\"]}]}<\/script>\n<!-- \/ Yoast SEO plugin. -->","yoast_head_json":{"title":"Tintas UV, h\u00edbrido y base acuosa - Imprima en cualquier superficie con Ser.Tec.","description":"Descubra las tintas UV, h\u00edbridas y con base acuosa para aplicaciones en diversos materiales, como cer\u00e1mica, metal, tejidos y vidrio.","robots":{"index":"index","follow":"follow","max-snippet":"max-snippet:-1","max-image-preview":"max-image-preview:large","max-video-preview":"max-video-preview:-1"},"canonical":"https:\/\/ser-tec.org\/es\/tintas\/","og_locale":"es_ES","og_type":"article","og_title":"Tintas UV, h\u00edbrido y base acuosa - Imprima en cualquier superficie con Ser.Tec.","og_description":"Descubra las tintas UV, h\u00edbridas y con base acuosa para aplicaciones en diversos materiales, como cer\u00e1mica, metal, tejidos y vidrio.","og_url":"https:\/\/ser-tec.org\/es\/tintas\/","og_site_name":"Ser.Tec.","article_publisher":"https:\/\/www.facebook.com\/sertecsrl","article_modified_time":"2025-07-21T11:03:29+00:00","og_image":[{"width":800,"height":1000,"url":"https:\/\/ser-tec.org\/wp-content\/uploads\/2024\/12\/CampioneUV_3.webp","type":"image\/webp"}],"twitter_card":"summary_large_image","twitter_misc":{"Tiempo de lectura":"1 minuto"},"schema":{"@context":"https:\/\/schema.org","@graph":[{"@type":"WebPage","@id":"https:\/\/ser-tec.org\/es\/tintas\/","url":"https:\/\/ser-tec.org\/es\/tintas\/","name":"Tintas UV, h\u00edbrido y base acuosa - Imprima en cualquier superficie con Ser.Tec.","isPartOf":{"@id":"https:\/\/ser-tec.org\/es\/#website"},"primaryImageOfPage":{"@id":"https:\/\/ser-tec.org\/es\/tintas\/#primaryimage"},"image":{"@id":"https:\/\/ser-tec.org\/es\/tintas\/#primaryimage"},"thumbnailUrl":"https:\/\/ser-tec.org\/wp-content\/uploads\/2024\/12\/CampioneUV_3.webp","datePublished":"2024-11-22T10:09:35+00:00","dateModified":"2025-07-21T11:03:29+00:00","description":"Descubra las tintas UV, h\u00edbridas y con base acuosa para aplicaciones en diversos materiales, como cer\u00e1mica, metal, tejidos y vidrio.","breadcrumb":{"@id":"https:\/\/ser-tec.org\/es\/tintas\/#breadcrumb"},"inLanguage":"es","potentialAction":[{"@type":"ReadAction","target":["https:\/\/ser-tec.org\/es\/tintas\/"]}]},{"@type":"ImageObject","inLanguage":"es","@id":"https:\/\/ser-tec.org\/es\/tintas\/#primaryimage","url":"https:\/\/ser-tec.org\/wp-content\/uploads\/2024\/12\/CampioneUV_3.webp","contentUrl":"https:\/\/ser-tec.org\/wp-content\/uploads\/2024\/12\/CampioneUV_3.webp"},{"@type":"BreadcrumbList","@id":"https:\/\/ser-tec.org\/es\/tintas\/#breadcrumb","itemListElement":[{"@type":"ListItem","position":1,"name":"Home","item":"https:\/\/ser-tec.org\/es\/"},{"@type":"ListItem","position":2,"name":"Tintas"}]},{"@type":"WebSite","@id":"https:\/\/ser-tec.org\/es\/#website","url":"https:\/\/ser-tec.org\/es\/","name":"Ser.Tec.","description":"Soluzioni di stampa digitale e serigrafica industriale","publisher":{"@id":"https:\/\/ser-tec.org\/es\/#organization"},"potentialAction":[{"@type":"SearchAction","target":{"@type":"EntryPoint","urlTemplate":"https:\/\/ser-tec.org\/es\/?s={search_term_string}"},"query-input":{"@type":"PropertyValueSpecification","valueRequired":true,"valueName":"search_term_string"}}],"inLanguage":"es"},{"@type":"Organization","@id":"https:\/\/ser-tec.org\/es\/#organization","name":"Ser.Tec.srl","url":"https:\/\/ser-tec.org\/es\/","logo":{"@type":"ImageObject","inLanguage":"es","@id":"https:\/\/ser-tec.org\/es\/#\/schema\/logo\/image\/","url":"","contentUrl":"","caption":"Ser.Tec.srl"},"image":{"@id":"https:\/\/ser-tec.org\/es\/#\/schema\/logo\/image\/"},"sameAs":["https:\/\/www.facebook.com\/sertecsrl","https:\/\/www.youtube.com\/user\/Sertectube","https:\/\/www.linkedin.com\/company\/ser-tec-group\/","https:\/\/www.instagram.com\/sertecgroup\/"]}]}},"_links":{"self":[{"href":"https:\/\/ser-tec.org\/es\/wp-json\/wp\/v2\/pages\/17902","targetHints":{"allow":["GET"]}}],"collection":[{"href":"https:\/\/ser-tec.org\/es\/wp-json\/wp\/v2\/pages"}],"about":[{"href":"https:\/\/ser-tec.org\/es\/wp-json\/wp\/v2\/types\/page"}],"author":[{"embeddable":true,"href":"https:\/\/ser-tec.org\/es\/wp-json\/wp\/v2\/users\/2"}],"replies":[{"embeddable":true,"href":"https:\/\/ser-tec.org\/es\/wp-json\/wp\/v2\/comments?post=17902"}],"version-history":[{"count":1,"href":"https:\/\/ser-tec.org\/es\/wp-json\/wp\/v2\/pages\/17902\/revisions"}],"predecessor-version":[{"id":17908,"href":"https:\/\/ser-tec.org\/es\/wp-json\/wp\/v2\/pages\/17902\/revisions\/17908"}],"wp:attachment":[{"href":"https:\/\/ser-tec.org\/es\/wp-json\/wp\/v2\/media?parent=17902"}],"curies":[{"name":"wp","href":"https:\/\/api.w.org\/{rel}","templated":true}]}}